{"id":4516,"date":"2021-04-06T18:26:59","date_gmt":"2021-04-06T18:26:59","guid":{"rendered":"https:\/\/staging.eurolefesa.com\/carriere-professionnelle\/"},"modified":"2024-05-24T15:29:36","modified_gmt":"2024-05-24T15:29:36","slug":"carriere-professionnelle","status":"publish","type":"page","link":"https:\/\/staging.eurolefesa.com\/fr\/carriere-professionnelle\/","title":{"rendered":"Carri\u00e8re professionnelle"},"content":{"rendered":"\t\t<div data-elementor-type=\"wp-page\" data-elementor-id=\"4516\" class=\"elementor elementor-4516 elementor-3309\" data-elementor-post-type=\"page\">\n\t\t\t\t<div class=\"elementor-element elementor-element-da36dfc e-flex e-con-boxed e-con e-parent\" data-id=\"da36dfc\" data-element_type=\"container\">\n\t\t\t\t\t<div class=\"e-con-inner\">\n\t\t<div class=\"elementor-element elementor-element-76360eb e-flex e-con-boxed e-con e-child\" data-id=\"76360eb\" data-element_type=\"container\">\n\t\t\t\t\t<div class=\"e-con-inner\">\n\t\t<div class=\"elementor-element elementor-element-3f3ec23 e-flex e-con-boxed e-con e-child\" data-id=\"3f3ec23\" data-element_type=\"container\">\n\t\t\t\t\t<div class=\"e-con-inner\">\n\t\t\t\t<div class=\"elementor-element elementor-element-60e736c elementor-widget__width-initial elementor-widget elementor-widget-heading\" data-id=\"60e736c\" data-element_type=\"widget\" data-widget_type=\"heading.default\">\n\t\t\t\t<div class=\"elementor-widget-container\">\n\t\t\t\t\t<h1 class=\"elementor-heading-title elementor-size-default\">Carri\u00e8re professionnelle<\/h1>\t\t\t\t<\/div>\n\t\t\t\t<\/div>\n\t\t\t\t<div class=\"elementor-element elementor-element-3f58c67 elementor-widget elementor-widget-heading\" data-id=\"3f58c67\" data-element_type=\"widget\" data-widget_type=\"heading.default\">\n\t\t\t\t<div class=\"elementor-widget-container\">\n\t\t\t\t\t<h3 class=\"elementor-heading-title elementor-size-default\">Rejoindre notre \u00e9quipe<\/h3>\t\t\t\t<\/div>\n\t\t\t\t<\/div>\n\t\t\t\t<div class=\"elementor-element elementor-element-c093e5c elementor-widget__width-initial elementor-widget elementor-widget-text-editor\" data-id=\"c093e5c\" data-element_type=\"widget\" data-widget_type=\"text-editor.default\">\n\t\t\t\t<div class=\"elementor-widget-container\">\n\t\t\t\t\t\t\t\t\t<p>Nous sommes une grande \u00e9quipe travaillant avec un objectif commun dans les diff\u00e9rentes r\u00e9gions et pays pour tenir notre engagement envers nos clients.<\/p>\n\n<p>Nous misons sur l&rsquo;innovation et le d\u00e9veloppement personnel, donc si vous souhaitez d\u00e9velopper votre carri\u00e8re professionnelle avec nous, nous serons ravis de vous offrir cette possibilit\u00e9.<\/p>\n\n<p>Notre \u00e9quipe de ressources humaines collaborera avec toi pour planifier ton d\u00e9veloppement professionnel et t&rsquo;offrir acc\u00e8s \u00e0 divers programmes de formation.<\/p>\n\n<p>Nous encourageons la diversit\u00e9.<\/p>\t\t\t\t\t\t\t\t<\/div>\n\t\t\t\t<\/div>\n\t\t\t\t\t<\/div>\n\t\t\t\t<\/div>\n\t\t<div class=\"elementor-element elementor-element-dded77f e-flex e-con-boxed e-con e-child\" data-id=\"dded77f\" data-element_type=\"container\">\n\t\t\t\t\t<div class=\"e-con-inner\">\n\t\t\t\t<div class=\"elementor-element elementor-element-554bc5d elementor-widget__width-inherit elementor-widget elementor-widget-image\" data-id=\"554bc5d\" data-element_type=\"widget\" data-widget_type=\"image.default\">\n\t\t\t\t<div class=\"elementor-widget-container\">\n\t\t\t\t\t\t\t\t\t\t\t\t\t\t\t<img fetchpriority=\"high\" decoding=\"async\" width=\"900\" height=\"605\" src=\"https:\/\/staging.eurolefesa.com\/wp-content\/uploads\/2021\/05\/carrera3.png\" class=\"attachment-large size-large wp-image-4377\" alt=\"\" srcset=\"https:\/\/staging.eurolefesa.com\/wp-content\/uploads\/2021\/05\/carrera3.png 900w, https:\/\/staging.eurolefesa.com\/wp-content\/uploads\/2021\/05\/carrera3-300x202.png 300w, https:\/\/staging.eurolefesa.com\/wp-content\/uploads\/2021\/05\/carrera3-768x516.png 768w, https:\/\/staging.eurolefesa.com\/wp-content\/uploads\/2021\/05\/carrera3-880x592.png 880w, https:\/\/staging.eurolefesa.com\/wp-content\/uploads\/2021\/05\/carrera3-450x303.png 450w\" sizes=\"(max-width: 900px) 100vw, 900px\" \/>\t\t\t\t\t\t\t\t\t\t\t\t\t\t\t<\/div>\n\t\t\t\t<\/div>\n\t\t\t\t\t<\/div>\n\t\t\t\t<\/div>\n\t\t\t\t\t<\/div>\n\t\t\t\t<\/div>\n\t\t\t\t\t<\/div>\n\t\t\t\t<\/div>\n\t\t<div class=\"elementor-element elementor-element-f63e651 e-flex e-con-boxed e-con e-parent\" data-id=\"f63e651\" data-element_type=\"container\" data-settings=\"{&quot;shape_divider_bottom&quot;:&quot;tilt&quot;}\">\n\t\t\t\t\t<div class=\"e-con-inner\">\n\t\t\t\t<div class=\"elementor-shape elementor-shape-bottom\" data-negative=\"false\">\n\t\t\t<svg xmlns=\"http:\/\/www.w3.org\/2000\/svg\" viewBox=\"0 0 1000 100\" preserveAspectRatio=\"none\">\n\t<path class=\"elementor-shape-fill\" d=\"M0,6V0h1000v100L0,6z\"\/>\n<\/svg>\t\t<\/div>\n\t\t<div class=\"elementor-element elementor-element-4c33166 e-con-full e-flex e-con e-child\" data-id=\"4c33166\" data-element_type=\"container\">\n\t\t\t\t<div class=\"elementor-element elementor-element-f8d6183 elementor-widget elementor-widget-heading\" data-id=\"f8d6183\" data-element_type=\"widget\" data-widget_type=\"heading.default\">\n\t\t\t\t<div class=\"elementor-widget-container\">\n\t\t\t\t\t<h3 class=\"elementor-heading-title elementor-size-default\">Envoyez-nous votre CV<\/h3>\t\t\t\t<\/div>\n\t\t\t\t<\/div>\n\t\t\t\t<div class=\"elementor-element elementor-element-a6f9f51 elementor-widget__width-initial elementor-widget elementor-widget-text-editor\" data-id=\"a6f9f51\" data-element_type=\"widget\" data-widget_type=\"text-editor.default\">\n\t\t\t\t<div class=\"elementor-widget-container\">\n\t\t\t\t\t\t\t\t\t<p>Remplissez le formulaire suivant et joignez votre CV (format pdf, doc ou docx de moins de 2mb).<\/p>\n\t\t\t\t\t\t\t\t<\/div>\n\t\t\t\t<\/div>\n\t\t\t\t<div class=\"elementor-element elementor-element-c66b31f elementor-button-align-stretch elementor-widget elementor-widget-form\" data-id=\"c66b31f\" data-element_type=\"widget\" data-settings=\"{&quot;step_next_label&quot;:&quot;Suivant&quot;,&quot;step_previous_label&quot;:&quot;Pr\\u00e9c\\u00e9dent&quot;,&quot;button_width&quot;:&quot;100&quot;,&quot;step_type&quot;:&quot;number_text&quot;,&quot;step_icon_shape&quot;:&quot;circle&quot;}\" data-widget_type=\"form.default\">\n\t\t\t\t<div class=\"elementor-widget-container\">\n\t\t\t\t\t\t\t<form class=\"elementor-form\" method=\"post\" name=\"Formulario Carrera Profesional - Franc\u00e9s\">\n\t\t\t<input type=\"hidden\" name=\"post_id\" value=\"4516\"\/>\n\t\t\t<input type=\"hidden\" name=\"form_id\" value=\"c66b31f\"\/>\n\t\t\t<input type=\"hidden\" name=\"referer_title\" value=\"Carri\u00e8re professionnelle - EuroLefesa\" \/>\n\n\t\t\t\t\t\t\t<input type=\"hidden\" name=\"queried_id\" value=\"4516\"\/>\n\t\t\t\n\t\t\t<div class=\"elementor-form-fields-wrapper elementor-labels-\">\n\t\t\t\t\t\t\t\t<div class=\"elementor-field-type-text elementor-field-group elementor-column elementor-field-group-name elementor-col-100 elementor-field-required\">\n\t\t\t\t\t\t\t\t\t\t\t\t<label for=\"form-field-name\" class=\"elementor-field-label elementor-screen-only\">\n\t\t\t\t\t\t\t\tNom et pr\u00e9nom\t\t\t\t\t\t\t<\/label>\n\t\t\t\t\t\t\t\t\t\t\t\t\t\t<input size=\"1\" type=\"text\" name=\"form_fields[name]\" id=\"form-field-name\" class=\"elementor-field elementor-size-md  elementor-field-textual\" placeholder=\"Nom et pr\u00e9nom\" required=\"required\" aria-required=\"true\">\n\t\t\t\t\t\t\t\t\t\t\t<\/div>\n\t\t\t\t\t\t\t\t<div class=\"elementor-field-type-email elementor-field-group elementor-column elementor-field-group-email elementor-col-100 elementor-field-required\">\n\t\t\t\t\t\t\t\t\t\t\t\t<label for=\"form-field-email\" class=\"elementor-field-label elementor-screen-only\">\n\t\t\t\t\t\t\t\tAdresse e-mail\t\t\t\t\t\t\t<\/label>\n\t\t\t\t\t\t\t\t\t\t\t\t\t\t<input size=\"1\" type=\"email\" name=\"form_fields[email]\" id=\"form-field-email\" class=\"elementor-field elementor-size-md  elementor-field-textual\" placeholder=\"Adresse e-mail\" required=\"required\" aria-required=\"true\">\n\t\t\t\t\t\t\t\t\t\t\t<\/div>\n\t\t\t\t\t\t\t\t<div class=\"elementor-field-type-tel elementor-field-group elementor-column elementor-field-group-field_943b817 elementor-col-100 elementor-field-required\">\n\t\t\t\t\t\t\t\t\t\t\t\t<label for=\"form-field-field_943b817\" class=\"elementor-field-label elementor-screen-only\">\n\t\t\t\t\t\t\t\tT\u00e9l\u00e9phone\t\t\t\t\t\t\t<\/label>\n\t\t\t\t\t\t\t\t<input size=\"1\" type=\"tel\" name=\"form_fields[field_943b817]\" id=\"form-field-field_943b817\" class=\"elementor-field elementor-size-md  elementor-field-textual\" placeholder=\"T\u00e9l\u00e9phone\" required=\"required\" aria-required=\"true\" pattern=\"[0-9()#&amp;+*-=.]+\" title=\"Seuls les caract\u00e8res de num\u00e9ros de t\u00e9l\u00e9phone (#, -, *, etc.) sont accept\u00e9s.\">\n\n\t\t\t\t\t\t<\/div>\n\t\t\t\t\t\t\t\t<div class=\"elementor-field-type-textarea elementor-field-group elementor-column elementor-field-group-message elementor-col-100\">\n\t\t\t\t\t\t\t\t\t\t\t\t<label for=\"form-field-message\" class=\"elementor-field-label elementor-screen-only\">\n\t\t\t\t\t\t\t\tMessage\t\t\t\t\t\t\t<\/label>\n\t\t\t\t\t\t<textarea class=\"elementor-field-textual elementor-field  elementor-size-md\" name=\"form_fields[message]\" id=\"form-field-message\" rows=\"4\" placeholder=\"Message\"><\/textarea>\t\t\t\t<\/div>\n\t\t\t\t\t\t\t\t<div class=\"elementor-field-type-upload elementor-field-group elementor-column elementor-field-group-field_4ec1817 elementor-col-100 elementor-field-required\">\n\t\t\t\t\t\t\t\t\t\t\t\t<label for=\"form-field-field_4ec1817\" class=\"elementor-field-label elementor-screen-only\">\n\t\t\t\t\t\t\t\tJoignez votre CV\t\t\t\t\t\t\t<\/label>\n\t\t\t\t\t\t\t\t<input type=\"file\" name=\"form_fields[field_4ec1817]\" id=\"form-field-field_4ec1817\" class=\"elementor-field elementor-size-md  elementor-upload-field\" required=\"required\" aria-required=\"true\" data-maxsize=\"2\" data-maxsize-message=\"Ce fichier d\u00e9passe la taille maximale autoris\u00e9e.\">\n\n\t\t\t\t\t\t<\/div>\n\t\t\t\t\t\t\t\t<div class=\"elementor-field-type-checkbox elementor-field-group elementor-column elementor-field-group-field_39c94bc elementor-col-100\">\n\t\t\t\t\t\t\t\t\t\t\t\t<label for=\"form-field-field_39c94bc\" class=\"elementor-field-label elementor-screen-only\">\n\t\t\t\t\t\t\t\tprivacidad\t\t\t\t\t\t\t<\/label>\n\t\t\t\t\t\t<div class=\"elementor-field-subgroup  \"><span class=\"elementor-field-option\"><input type=\"checkbox\" value=\"Je confirme avoir lu et accept\u00e9 la &lt;a href=&quot;https:\/\/staging.eurolefesa.com\/fr\/avis-legal-et-politique-de-confidentialite\/&quot; target=&quot;_blank&quot;&gt;politique de confidentialit\u00e9&lt;\/a&gt;.\" id=\"form-field-field_39c94bc-0\" name=\"form_fields[field_39c94bc]\"> <label for=\"form-field-field_39c94bc-0\">Je confirme avoir lu et accept\u00e9 la <a href=\"https:\/\/staging.eurolefesa.com\/fr\/avis-legal-et-politique-de-confidentialite\/\" target=\"_blank\">politique de confidentialit\u00e9<\/a>.<\/label><\/span><\/div>\t\t\t\t<\/div>\n\t\t\t\t\t\t\t\t<div class=\"elementor-field-type-recaptcha_v3 elementor-field-group elementor-column elementor-field-group-field_d7263b3 elementor-col-100 recaptcha_v3-bottomright\">\n\t\t\t\t\t<div class=\"elementor-field\" id=\"form-field-field_d7263b3\"><div class=\"elementor-g-recaptcha\" data-sitekey=\"6LfWmJ4qAAAAAKwKiqmXye8iztL-772xUKVHKC-l\" data-type=\"v3\" data-action=\"Form\" data-badge=\"bottomright\" data-size=\"invisible\"><\/div><\/div>\t\t\t\t<\/div>\n\t\t\t\t\t\t\t\t<div class=\"elementor-field-group elementor-column elementor-field-type-submit elementor-col-100 e-form__buttons\">\n\t\t\t\t\t<button class=\"elementor-button elementor-size-sm\" type=\"submit\">\n\t\t\t\t\t\t<span class=\"elementor-button-content-wrapper\">\n\t\t\t\t\t\t\t\t\t\t\t\t\t\t\t\t\t\t\t\t\t\t<span class=\"elementor-button-text\">Envoyer<\/span>\n\t\t\t\t\t\t\t\t\t\t\t\t\t<\/span>\n\t\t\t\t\t<\/button>\n\t\t\t\t<\/div>\n\t\t\t<\/div>\n\t\t<\/form>\n\t\t\t\t\t\t<\/div>\n\t\t\t\t<\/div>\n\t\t\t\t<\/div>\n\t\t\t\t\t<\/div>\n\t\t\t\t<\/div>\n\t\t<div class=\"elementor-element elementor-element-4d62145 e-flex e-con-boxed e-con e-parent\" data-id=\"4d62145\" data-element_type=\"container\" data-settings=\"{&quot;background_background&quot;:&quot;classic&quot;}\">\n\t\t\t\t\t<div class=\"e-con-inner\">\n\t\t\t\t<div class=\"elementor-element elementor-element-42a843f elementor-widget elementor-widget-heading\" data-id=\"42a843f\" data-element_type=\"widget\" data-widget_type=\"heading.default\">\n\t\t\t\t<div class=\"elementor-widget-container\">\n\t\t\t\t\t<span class=\"elementor-heading-title elementor-size-default\">EN TOUTE CONFIANCE, PARTOUT<\/span>\t\t\t\t<\/div>\n\t\t\t\t<\/div>\n\t\t\t\t<div class=\"elementor-element elementor-element-8bdba70 elementor-widget elementor-widget-image\" data-id=\"8bdba70\" data-element_type=\"widget\" data-widget_type=\"image.default\">\n\t\t\t\t<div class=\"elementor-widget-container\">\n\t\t\t\t\t\t\t\t\t\t\t\t\t\t\t<img decoding=\"async\" width=\"150\" height=\"150\" src=\"https:\/\/staging.eurolefesa.com\/wp-content\/uploads\/2021\/02\/cropped-favicon-01-150x150.png\" class=\"attachment-thumbnail size-thumbnail wp-image-4091\" alt=\"\" srcset=\"https:\/\/staging.eurolefesa.com\/wp-content\/uploads\/2021\/02\/cropped-favicon-01-150x150.png 150w, https:\/\/staging.eurolefesa.com\/wp-content\/uploads\/2021\/02\/cropped-favicon-01-300x300.png 300w, https:\/\/staging.eurolefesa.com\/wp-content\/uploads\/2021\/02\/cropped-favicon-01-270x270.png 270w, https:\/\/staging.eurolefesa.com\/wp-content\/uploads\/2021\/02\/cropped-favicon-01-192x192.png 192w, https:\/\/staging.eurolefesa.com\/wp-content\/uploads\/2021\/02\/cropped-favicon-01-180x180.png 180w, https:\/\/staging.eurolefesa.com\/wp-content\/uploads\/2021\/02\/cropped-favicon-01-32x32.png 32w, https:\/\/staging.eurolefesa.com\/wp-content\/uploads\/2021\/02\/cropped-favicon-01.png 512w\" sizes=\"(max-width: 150px) 100vw, 150px\" \/>\t\t\t\t\t\t\t\t\t\t\t\t\t\t\t<\/div>\n\t\t\t\t<\/div>\n\t\t\t\t<div class=\"elementor-element elementor-element-1e2ea9a elementor-widget elementor-widget-heading\" data-id=\"1e2ea9a\" data-element_type=\"widget\" data-widget_type=\"heading.default\">\n\t\t\t\t<div class=\"elementor-widget-container\">\n\t\t\t\t\t<h5 class=\"elementor-heading-title elementor-size-default\">NOUS FAISONS BIEN PLUS QUE DE LA LOGISTIQUE ET DU TRANSPORT : NOUS CR\u00c9ONS DES RELATIONS DURABLES<\/h5>\t\t\t\t<\/div>\n\t\t\t\t<\/div>\n\t\t\t\t\t<\/div>\n\t\t\t\t<\/div>\n\t\t\t\t<\/div>\n\t\t","protected":false},"excerpt":{"rendered":"<p>Carri\u00e8re professionnelle Rejoindre notre \u00e9quipe Nous sommes une grande \u00e9quipe travaillant avec un objectif commun dans les diff\u00e9rentes r\u00e9gions et pays pour tenir notre engagement envers nos clients. Nous misons sur l&rsquo;innovation et le d\u00e9veloppement personnel, donc si vous souhaitez d\u00e9velopper votre carri\u00e8re professionnelle avec nous, nous serons ravis de vous offrir cette possibilit\u00e9. Notre <a href=\"https:\/\/staging.eurolefesa.com\/fr\/carriere-professionnelle\/\" class=\"more-link\">&#8230;<span class=\"screen-reader-text\">  Carri\u00e8re professionnelle<\/span><\/a><\/p>\n","protected":false},"author":3,"featured_media":0,"parent":0,"menu_order":0,"comment_status":"closed","ping_status":"closed","template":"","meta":{"footnotes":""},"class_list":["post-4516","page","type-page","status-publish","hentry"],"yoast_head":"<!-- This site is optimized with the Yoast SEO plugin v24.0 - https:\/\/yoast.com\/wordpress\/plugins\/seo\/ -->\n<title>Carri\u00e8re professionnelle - EuroLefesa<\/title>\n<meta name=\"robots\" content=\"noindex, follow, max-snippet:-1, max-image-preview:large, max-video-preview:-1\" \/>\n<meta property=\"og:locale\" content=\"fr_FR\" \/>\n<meta property=\"og:type\" content=\"article\" \/>\n<meta property=\"og:title\" content=\"Carri\u00e8re professionnelle - EuroLefesa\" \/>\n<meta property=\"og:description\" content=\"Carri\u00e8re professionnelle Rejoindre notre \u00e9quipe Nous sommes une grande \u00e9quipe travaillant avec un objectif commun dans les diff\u00e9rentes r\u00e9gions et pays pour tenir notre engagement envers nos clients. Nous misons sur l&rsquo;innovation et le d\u00e9veloppement personnel, donc si vous souhaitez d\u00e9velopper votre carri\u00e8re professionnelle avec nous, nous serons ravis de vous offrir cette possibilit\u00e9. Notre ... Carri\u00e8re professionnelle\" \/>\n<meta property=\"og:url\" content=\"https:\/\/staging.eurolefesa.com\/fr\/carriere-professionnelle\/\" \/>\n<meta property=\"og:site_name\" content=\"EuroLefesa\" \/>\n<meta property=\"article:modified_time\" content=\"2024-05-24T15:29:36+00:00\" \/>\n<meta property=\"og:image\" content=\"https:\/\/staging.eurolefesa.com\/wp-content\/uploads\/2021\/05\/carrera3.png\" \/>\n\t<meta property=\"og:image:width\" content=\"900\" \/>\n\t<meta property=\"og:image:height\" content=\"605\" \/>\n\t<meta property=\"og:image:type\" content=\"image\/png\" \/>\n<meta name=\"twitter:card\" content=\"summary_large_image\" \/>\n<meta name=\"twitter:label1\" content=\"Dur\u00e9e de lecture estim\u00e9e\" \/>\n\t<meta name=\"twitter:data1\" content=\"1 minute\" \/>\n<script type=\"application\/ld+json\" class=\"yoast-schema-graph\">{\"@context\":\"https:\/\/schema.org\",\"@graph\":[{\"@type\":\"WebPage\",\"@id\":\"https:\/\/staging.eurolefesa.com\/fr\/carriere-professionnelle\/\",\"url\":\"https:\/\/staging.eurolefesa.com\/fr\/carriere-professionnelle\/\",\"name\":\"Carri\u00e8re professionnelle - EuroLefesa\",\"isPartOf\":{\"@id\":\"https:\/\/staging.eurolefesa.com\/fr\/#website\"},\"primaryImageOfPage\":{\"@id\":\"https:\/\/staging.eurolefesa.com\/fr\/carriere-professionnelle\/#primaryimage\"},\"image\":{\"@id\":\"https:\/\/staging.eurolefesa.com\/fr\/carriere-professionnelle\/#primaryimage\"},\"thumbnailUrl\":\"https:\/\/staging.eurolefesa.com\/wp-content\/uploads\/2021\/05\/carrera3.png\",\"datePublished\":\"2021-04-06T18:26:59+00:00\",\"dateModified\":\"2024-05-24T15:29:36+00:00\",\"breadcrumb\":{\"@id\":\"https:\/\/staging.eurolefesa.com\/fr\/carriere-professionnelle\/#breadcrumb\"},\"inLanguage\":\"fr-FR\",\"potentialAction\":[{\"@type\":\"ReadAction\",\"target\":[\"https:\/\/staging.eurolefesa.com\/fr\/carriere-professionnelle\/\"]}]},{\"@type\":\"ImageObject\",\"inLanguage\":\"fr-FR\",\"@id\":\"https:\/\/staging.eurolefesa.com\/fr\/carriere-professionnelle\/#primaryimage\",\"url\":\"https:\/\/staging.eurolefesa.com\/wp-content\/uploads\/2021\/05\/carrera3.png\",\"contentUrl\":\"https:\/\/staging.eurolefesa.com\/wp-content\/uploads\/2021\/05\/carrera3.png\"},{\"@type\":\"BreadcrumbList\",\"@id\":\"https:\/\/staging.eurolefesa.com\/fr\/carriere-professionnelle\/#breadcrumb\",\"itemListElement\":[{\"@type\":\"ListItem\",\"position\":1,\"name\":\"Portada\",\"item\":\"https:\/\/staging.eurolefesa.com\/fr\/\"},{\"@type\":\"ListItem\",\"position\":2,\"name\":\"Carri\u00e8re professionnelle\"}]},{\"@type\":\"WebSite\",\"@id\":\"https:\/\/staging.eurolefesa.com\/fr\/#website\",\"url\":\"https:\/\/staging.eurolefesa.com\/fr\/\",\"name\":\"EuroLefesa\",\"description\":\"Transporte de mercanc\u00edas por carretera, log\u00edstica.\",\"publisher\":{\"@id\":\"https:\/\/staging.eurolefesa.com\/fr\/#organization\"},\"potentialAction\":[{\"@type\":\"SearchAction\",\"target\":{\"@type\":\"EntryPoint\",\"urlTemplate\":\"https:\/\/staging.eurolefesa.com\/fr\/?s={search_term_string}\"},\"query-input\":{\"@type\":\"PropertyValueSpecification\",\"valueRequired\":true,\"valueName\":\"search_term_string\"}}],\"inLanguage\":\"fr-FR\"},{\"@type\":\"Organization\",\"@id\":\"https:\/\/staging.eurolefesa.com\/fr\/#organization\",\"name\":\"EuroLefesa\",\"url\":\"https:\/\/staging.eurolefesa.com\/fr\/\",\"logo\":{\"@type\":\"ImageObject\",\"inLanguage\":\"fr-FR\",\"@id\":\"https:\/\/staging.eurolefesa.com\/fr\/#\/schema\/logo\/image\/\",\"url\":\"https:\/\/staging.eurolefesa.com\/wp-content\/uploads\/2021\/04\/logo_eurolefesa_trans.png\",\"contentUrl\":\"https:\/\/staging.eurolefesa.com\/wp-content\/uploads\/2021\/04\/logo_eurolefesa_trans.png\",\"width\":500,\"height\":130,\"caption\":\"EuroLefesa\"},\"image\":{\"@id\":\"https:\/\/staging.eurolefesa.com\/fr\/#\/schema\/logo\/image\/\"}}]}<\/script>\n<!-- \/ Yoast SEO plugin. -->","yoast_head_json":{"title":"Carri\u00e8re professionnelle - EuroLefesa","robots":{"index":"noindex","follow":"follow","max-snippet":"max-snippet:-1","max-image-preview":"max-image-preview:large","max-video-preview":"max-video-preview:-1"},"og_locale":"fr_FR","og_type":"article","og_title":"Carri\u00e8re professionnelle - EuroLefesa","og_description":"Carri\u00e8re professionnelle Rejoindre notre \u00e9quipe Nous sommes une grande \u00e9quipe travaillant avec un objectif commun dans les diff\u00e9rentes r\u00e9gions et pays pour tenir notre engagement envers nos clients. Nous misons sur l&rsquo;innovation et le d\u00e9veloppement personnel, donc si vous souhaitez d\u00e9velopper votre carri\u00e8re professionnelle avec nous, nous serons ravis de vous offrir cette possibilit\u00e9. Notre ... Carri\u00e8re professionnelle","og_url":"https:\/\/staging.eurolefesa.com\/fr\/carriere-professionnelle\/","og_site_name":"EuroLefesa","article_modified_time":"2024-05-24T15:29:36+00:00","og_image":[{"width":900,"height":605,"url":"https:\/\/staging.eurolefesa.com\/wp-content\/uploads\/2021\/05\/carrera3.png","type":"image\/png"}],"twitter_card":"summary_large_image","twitter_misc":{"Dur\u00e9e de lecture estim\u00e9e":"1 minute"},"schema":{"@context":"https:\/\/schema.org","@graph":[{"@type":"WebPage","@id":"https:\/\/staging.eurolefesa.com\/fr\/carriere-professionnelle\/","url":"https:\/\/staging.eurolefesa.com\/fr\/carriere-professionnelle\/","name":"Carri\u00e8re professionnelle - EuroLefesa","isPartOf":{"@id":"https:\/\/staging.eurolefesa.com\/fr\/#website"},"primaryImageOfPage":{"@id":"https:\/\/staging.eurolefesa.com\/fr\/carriere-professionnelle\/#primaryimage"},"image":{"@id":"https:\/\/staging.eurolefesa.com\/fr\/carriere-professionnelle\/#primaryimage"},"thumbnailUrl":"https:\/\/staging.eurolefesa.com\/wp-content\/uploads\/2021\/05\/carrera3.png","datePublished":"2021-04-06T18:26:59+00:00","dateModified":"2024-05-24T15:29:36+00:00","breadcrumb":{"@id":"https:\/\/staging.eurolefesa.com\/fr\/carriere-professionnelle\/#breadcrumb"},"inLanguage":"fr-FR","potentialAction":[{"@type":"ReadAction","target":["https:\/\/staging.eurolefesa.com\/fr\/carriere-professionnelle\/"]}]},{"@type":"ImageObject","inLanguage":"fr-FR","@id":"https:\/\/staging.eurolefesa.com\/fr\/carriere-professionnelle\/#primaryimage","url":"https:\/\/staging.eurolefesa.com\/wp-content\/uploads\/2021\/05\/carrera3.png","contentUrl":"https:\/\/staging.eurolefesa.com\/wp-content\/uploads\/2021\/05\/carrera3.png"},{"@type":"BreadcrumbList","@id":"https:\/\/staging.eurolefesa.com\/fr\/carriere-professionnelle\/#breadcrumb","itemListElement":[{"@type":"ListItem","position":1,"name":"Portada","item":"https:\/\/staging.eurolefesa.com\/fr\/"},{"@type":"ListItem","position":2,"name":"Carri\u00e8re professionnelle"}]},{"@type":"WebSite","@id":"https:\/\/staging.eurolefesa.com\/fr\/#website","url":"https:\/\/staging.eurolefesa.com\/fr\/","name":"EuroLefesa","description":"Transporte de mercanc\u00edas por carretera, log\u00edstica.","publisher":{"@id":"https:\/\/staging.eurolefesa.com\/fr\/#organization"},"potentialAction":[{"@type":"SearchAction","target":{"@type":"EntryPoint","urlTemplate":"https:\/\/staging.eurolefesa.com\/fr\/?s={search_term_string}"},"query-input":{"@type":"PropertyValueSpecification","valueRequired":true,"valueName":"search_term_string"}}],"inLanguage":"fr-FR"},{"@type":"Organization","@id":"https:\/\/staging.eurolefesa.com\/fr\/#organization","name":"EuroLefesa","url":"https:\/\/staging.eurolefesa.com\/fr\/","logo":{"@type":"ImageObject","inLanguage":"fr-FR","@id":"https:\/\/staging.eurolefesa.com\/fr\/#\/schema\/logo\/image\/","url":"https:\/\/staging.eurolefesa.com\/wp-content\/uploads\/2021\/04\/logo_eurolefesa_trans.png","contentUrl":"https:\/\/staging.eurolefesa.com\/wp-content\/uploads\/2021\/04\/logo_eurolefesa_trans.png","width":500,"height":130,"caption":"EuroLefesa"},"image":{"@id":"https:\/\/staging.eurolefesa.com\/fr\/#\/schema\/logo\/image\/"}}]}},"_links":{"self":[{"href":"https:\/\/staging.eurolefesa.com\/fr\/wp-json\/wp\/v2\/pages\/4516","targetHints":{"allow":["GET"]}}],"collection":[{"href":"https:\/\/staging.eurolefesa.com\/fr\/wp-json\/wp\/v2\/pages"}],"about":[{"href":"https:\/\/staging.eurolefesa.com\/fr\/wp-json\/wp\/v2\/types\/page"}],"author":[{"embeddable":true,"href":"https:\/\/staging.eurolefesa.com\/fr\/wp-json\/wp\/v2\/users\/3"}],"replies":[{"embeddable":true,"href":"https:\/\/staging.eurolefesa.com\/fr\/wp-json\/wp\/v2\/comments?post=4516"}],"version-history":[{"count":8,"href":"https:\/\/staging.eurolefesa.com\/fr\/wp-json\/wp\/v2\/pages\/4516\/revisions"}],"predecessor-version":[{"id":7080,"href":"https:\/\/staging.eurolefesa.com\/fr\/wp-json\/wp\/v2\/pages\/4516\/revisions\/7080"}],"wp:attachment":[{"href":"https:\/\/staging.eurolefesa.com\/fr\/wp-json\/wp\/v2\/media?parent=4516"}],"curies":[{"name":"wp","href":"https:\/\/api.w.org\/{rel}","templated":true}]}}